{"id":1299,"date":"2022-07-08T15:55:39","date_gmt":"2022-07-08T15:55:39","guid":{"rendered":"https:\/\/avbeautytraining.co.uk\/?post_type=product&#038;p=1299"},"modified":"2024-08-02T13:06:00","modified_gmt":"2024-08-02T13:06:00","slug":"classic-eyelashes-course","status":"publish","type":"product","link":"https:\/\/avbeautytraining.co.uk\/pt\/produto\/classic-eyelashes-course\/","title":{"rendered":"Classic Eyelashes Course"},"content":{"rendered":"<p>Nosso\u00a0<em>Curso de extens\u00e3o de c\u00edlios - Cl\u00e1ssico<\/em>\u00a0foi concebido para lhe ensinar a t\u00e9cnica popular, usada por muitos, para real\u00e7ar os olhos com extens\u00f5es de pestanas de seda ou de vison para dar a apar\u00eancia de pestanas mais longas, espessas e naturais.<\/p>\n<p>&nbsp;<\/p>\n<p><strong>Para quem \u00e9 este curso:<\/strong><\/p>\n<ul>\n<li>O curso de c\u00edlios \u00e9 perfeito para iniciantes ou t\u00e9cnicos de c\u00edlios existentes, que desejam receber treinamento completo e qualifica\u00e7\u00f5es de c\u00edlios reconhecidas para levar sua carreira ao pr\u00f3ximo n\u00edvel.<\/li>\n<li>Se voc\u00ea deseja aprender o m\u00e9todo cl\u00e1ssico de extens\u00f5es de c\u00edlios com uma especialista e sua equipe dedicada de t\u00e9cnicos de alta classe, este curso \u00e9 para voc\u00ea!<\/li>\n<li>Ap\u00f3s o curso, voc\u00ea precisar\u00e1 enviar 3 estudos de caso para mostrar que participou do treinamento. Sua certifica\u00e7\u00e3o ser\u00e1 enviada a voc\u00ea assim que voc\u00ea os enviar com sucesso. Seremos solid\u00e1rios, mas tamb\u00e9m pressionaremos voc\u00ea a alcan\u00e7ar \u00f3timos resultados.<\/li>\n<\/ul>\n<p>&nbsp;<\/p>\n<p><strong>What the course cover:<\/strong><\/p>\n<ul>\n<li>Sa\u00fade, seguran\u00e7a e higiene<\/li>\n<li>T\u00e9cnicas de consulta<\/li>\n<li>Contra-indica\u00e7\u00f5es<\/li>\n<li>Escolhendo os c\u00edlios corretos para o formato dos olhos do cliente<\/li>\n<li>Aplica\u00e7\u00e3o de c\u00edlios individuais<\/li>\n<li>Procedimento de manuten\u00e7\u00e3o<\/li>\n<li>Processo de remo\u00e7\u00e3o<\/li>\n<li>Conselhos de cuidados posteriores<\/li>\n<\/ul>\n<h4><\/h4>\n<p><strong>Why to do this course:<\/strong><\/p>\n<ul>\n<li>\n<ol>\n<li>A conclus\u00e3o deste curso n\u00e3o apenas garante um certificado, mas tamb\u00e9m uma carreira como especialista em Lash<\/li>\n<li>Depois de concluir o curso, voc\u00ea pode se tornar um membro da Associa\u00e7\u00e3o de Terapeutas de Beleza (ABT), uma qualifica\u00e7\u00e3o altamente conceituada que tamb\u00e9m lhe dar\u00e1 desconto no seguro.<\/li>\n<li>H\u00e1 um m\u00e1ximo de 4 vagas para cada curso para garantir que voc\u00ea receba apoio e aten\u00e7\u00e3o suficientes de seus treinadores.<\/li>\n<li>You\u2019ll get 10% discount on your Insurance with ABT using our code. Also, just because you\u2019ve completed a course with us, you automatically get discount on your next courses, making you a much more complete technician.<\/li>\n<li>You\u2019ll receive a full eyelash starter kit with products and tools which will enable you to start your career straight away.<\/li>\n<\/ol>\n<p>&nbsp;<\/li>\n<li><strong>Modelo ao vivo<\/strong>\n<p>Voc\u00ea deve trazer seu pr\u00f3prio modelo. Isso \u00e9 muito importante para que voc\u00ea aproveite ao m\u00e1ximo seu treinamento.<\/p>\n<p>Se voc\u00ea simplesmente n\u00e3o puder trazer um modelo, informe-nos pelo menos 48 horas antes do curso para que possamos tentar fornecer um para voc\u00ea<\/p>\n<p>&nbsp;<\/li>\n<li><strong>Estudos de caso de clientes<\/strong>\n<p>Voc\u00ea deve concluir tr\u00eas estudos de caso de clientes em at\u00e9 tr\u00eas meses ap\u00f3s o treinamento conosco.<\/li>\n<\/ul>\n<p>&nbsp;<\/p>\n<p><strong>Course certification:<\/strong><\/p>\n<p>Este curso \u00e9 um curso acreditado pela ABT<\/p>\n<p>&nbsp;<\/p>\n<p><strong>Price:<\/strong><\/p>\n<p>\u00a3495 kit included<\/p>","protected":false},"excerpt":{"rendered":"<p>Nosso\u00a0<em>Curso de extens\u00e3o de c\u00edlios - Cl\u00e1ssico<\/em>\u00a0foi concebido para lhe ensinar a t\u00e9cnica popular, usada por muitos, para real\u00e7ar os olhos com extens\u00f5es de pestanas de seda ou de vison para dar a apar\u00eancia de pestanas mais longas, espessas e naturais.<\/p>\n<p>&nbsp;<\/p>","protected":false},"featured_media":1762,"comment_status":"open","ping_status":"closed","template":"","meta":[],"product_brand":[],"product_cat":[30],"product_tag":[],"class_list":{"0":"post-1299","1":"product","2":"type-product","3":"status-publish","4":"has-post-thumbnail","6":"product_cat-courses","8":"first","9":"instock","10":"featured","11":"virtual","12":"purchasable","13":"product-type-simple"},"yoast_head":"<!-- This site is optimized with the Yoast SEO plugin v27.4 - https:\/\/yoast.com\/product\/yoast-seo-wordpress\/ -->\n<title>Classic Eyelashes Course - AV Beauty Training<\/title>\n<meta name=\"description\" content=\"Classic Eyelashes Course in Lower Stondon\" \/>\n<meta name=\"robots\" content=\"index, follow, max-snippet:-1, max-image-preview:large, max-video-preview:-1\" \/>\n<link rel=\"canonical\" href=\"https:\/\/avbeautytraining.co.uk\/pt\/produto\/classic-eyelashes-course\/\" \/>\n<meta property=\"og:locale\" content=\"pt_BR\" \/>\n<meta property=\"og:type\" content=\"article\" \/>\n<meta property=\"og:title\" content=\"Classic Eyelashes Course - AV Beauty Training\" \/>\n<meta property=\"og:description\" content=\"Classic Eyelashes Course in Lower Stondon\" \/>\n<meta property=\"og:url\" content=\"https:\/\/avbeautytraining.co.uk\/pt\/produto\/classic-eyelashes-course\/\" \/>\n<meta property=\"og:site_name\" content=\"AV Beauty Training\" \/>\n<meta property=\"article:publisher\" content=\"https:\/\/www.facebook.com\/\" \/>\n<meta property=\"article:modified_time\" content=\"2024-08-02T13:06:00+00:00\" \/>\n<meta property=\"og:image\" content=\"https:\/\/avbeautytraining.co.uk\/wp-content\/uploads\/2024\/08\/14-1.png\" \/>\n\t<meta property=\"og:image:width\" content=\"1080\" \/>\n\t<meta property=\"og:image:height\" content=\"1920\" \/>\n\t<meta property=\"og:image:type\" content=\"image\/png\" \/>\n<meta name=\"twitter:card\" content=\"summary_large_image\" \/>\n<meta name=\"twitter:label1\" content=\"Est. tempo de leitura\" \/>\n\t<meta name=\"twitter:data1\" content=\"2 minutos\" \/>\n<script type=\"application\/ld+json\" class=\"yoast-schema-graph\">{\"@context\":\"https:\\\/\\\/schema.org\",\"@graph\":[{\"@type\":\"WebPage\",\"@id\":\"https:\\\/\\\/avbeautytraining.co.uk\\\/pt\\\/produto\\\/classic-eyelashes-course\\\/\",\"url\":\"https:\\\/\\\/avbeautytraining.co.uk\\\/pt\\\/produto\\\/classic-eyelashes-course\\\/\",\"name\":\"Classic Eyelashes Course - AV Beauty Training\",\"isPartOf\":{\"@id\":\"https:\\\/\\\/avbeautytraining.co.uk\\\/#website\"},\"primaryImageOfPage\":{\"@id\":\"https:\\\/\\\/avbeautytraining.co.uk\\\/pt\\\/produto\\\/classic-eyelashes-course\\\/#primaryimage\"},\"image\":{\"@id\":\"https:\\\/\\\/avbeautytraining.co.uk\\\/pt\\\/produto\\\/classic-eyelashes-course\\\/#primaryimage\"},\"thumbnailUrl\":\"https:\\\/\\\/avbeautytraining.co.uk\\\/wp-content\\\/uploads\\\/2024\\\/08\\\/14-1.png\",\"datePublished\":\"2022-07-08T15:55:39+00:00\",\"dateModified\":\"2024-08-02T13:06:00+00:00\",\"description\":\"Classic Eyelashes Course in Lower Stondon\",\"breadcrumb\":{\"@id\":\"https:\\\/\\\/avbeautytraining.co.uk\\\/pt\\\/produto\\\/classic-eyelashes-course\\\/#breadcrumb\"},\"inLanguage\":\"pt-BR\",\"potentialAction\":[{\"@type\":\"ReadAction\",\"target\":[\"https:\\\/\\\/avbeautytraining.co.uk\\\/pt\\\/produto\\\/classic-eyelashes-course\\\/\"]}]},{\"@type\":\"ImageObject\",\"inLanguage\":\"pt-BR\",\"@id\":\"https:\\\/\\\/avbeautytraining.co.uk\\\/pt\\\/produto\\\/classic-eyelashes-course\\\/#primaryimage\",\"url\":\"https:\\\/\\\/avbeautytraining.co.uk\\\/wp-content\\\/uploads\\\/2024\\\/08\\\/14-1.png\",\"contentUrl\":\"https:\\\/\\\/avbeautytraining.co.uk\\\/wp-content\\\/uploads\\\/2024\\\/08\\\/14-1.png\",\"width\":1080,\"height\":1920},{\"@type\":\"BreadcrumbList\",\"@id\":\"https:\\\/\\\/avbeautytraining.co.uk\\\/pt\\\/produto\\\/classic-eyelashes-course\\\/#breadcrumb\",\"itemListElement\":[{\"@type\":\"ListItem\",\"position\":1,\"name\":\"Home\",\"item\":\"https:\\\/\\\/avbeautytraining.co.uk\\\/\"},{\"@type\":\"ListItem\",\"position\":2,\"name\":\"Courses Shop\",\"item\":\"https:\\\/\\\/avbeautytraining.co.uk\\\/courses-shop\\\/\"},{\"@type\":\"ListItem\",\"position\":3,\"name\":\"Classic Eyelashes Course\"}]},{\"@type\":\"WebSite\",\"@id\":\"https:\\\/\\\/avbeautytraining.co.uk\\\/#website\",\"url\":\"https:\\\/\\\/avbeautytraining.co.uk\\\/\",\"name\":\"AV Beauty Training\",\"description\":\"Training &amp; Beauty in Lower Stondon\",\"publisher\":{\"@id\":\"https:\\\/\\\/avbeautytraining.co.uk\\\/#organization\"},\"potentialAction\":[{\"@type\":\"SearchAction\",\"target\":{\"@type\":\"EntryPoint\",\"urlTemplate\":\"https:\\\/\\\/avbeautytraining.co.uk\\\/?s={search_term_string}\"},\"query-input\":{\"@type\":\"PropertyValueSpecification\",\"valueRequired\":true,\"valueName\":\"search_term_string\"}}],\"inLanguage\":\"pt-BR\"},{\"@type\":\"Organization\",\"@id\":\"https:\\\/\\\/avbeautytraining.co.uk\\\/#organization\",\"name\":\"AV Beauty Training\",\"url\":\"https:\\\/\\\/avbeautytraining.co.uk\\\/\",\"logo\":{\"@type\":\"ImageObject\",\"inLanguage\":\"pt-BR\",\"@id\":\"https:\\\/\\\/avbeautytraining.co.uk\\\/#\\\/schema\\\/logo\\\/image\\\/\",\"url\":\"https:\\\/\\\/avbeautytraining.co.uk\\\/wp-content\\\/uploads\\\/2020\\\/06\\\/AV-Beauty-Training-Logo-new-colour.png\",\"contentUrl\":\"https:\\\/\\\/avbeautytraining.co.uk\\\/wp-content\\\/uploads\\\/2020\\\/06\\\/AV-Beauty-Training-Logo-new-colour.png\",\"width\":833,\"height\":1219,\"caption\":\"AV Beauty Training\"},\"image\":{\"@id\":\"https:\\\/\\\/avbeautytraining.co.uk\\\/#\\\/schema\\\/logo\\\/image\\\/\"},\"sameAs\":[\"https:\\\/\\\/www.facebook.com\\\/\",\"https:\\\/\\\/www.instagram.com\\\/arianevalotto_beautycourses\\\/\"]}]}<\/script>\n<!-- \/ Yoast SEO plugin. -->","yoast_head_json":{"title":"Classic Eyelashes Course - AV Beauty Training","description":"Classic Eyelashes Course in Lower Stondon","robots":{"index":"index","follow":"follow","max-snippet":"max-snippet:-1","max-image-preview":"max-image-preview:large","max-video-preview":"max-video-preview:-1"},"canonical":"https:\/\/avbeautytraining.co.uk\/pt\/produto\/classic-eyelashes-course\/","og_locale":"pt_BR","og_type":"article","og_title":"Classic Eyelashes Course - AV Beauty Training","og_description":"Classic Eyelashes Course in Lower Stondon","og_url":"https:\/\/avbeautytraining.co.uk\/pt\/produto\/classic-eyelashes-course\/","og_site_name":"AV Beauty Training","article_publisher":"https:\/\/www.facebook.com\/","article_modified_time":"2024-08-02T13:06:00+00:00","og_image":[{"width":1080,"height":1920,"url":"https:\/\/avbeautytraining.co.uk\/wp-content\/uploads\/2024\/08\/14-1.png","type":"image\/png"}],"twitter_card":"summary_large_image","twitter_misc":{"Est. tempo de leitura":"2 minutos"},"schema":{"@context":"https:\/\/schema.org","@graph":[{"@type":"WebPage","@id":"https:\/\/avbeautytraining.co.uk\/pt\/produto\/classic-eyelashes-course\/","url":"https:\/\/avbeautytraining.co.uk\/pt\/produto\/classic-eyelashes-course\/","name":"Classic Eyelashes Course - AV Beauty Training","isPartOf":{"@id":"https:\/\/avbeautytraining.co.uk\/#website"},"primaryImageOfPage":{"@id":"https:\/\/avbeautytraining.co.uk\/pt\/produto\/classic-eyelashes-course\/#primaryimage"},"image":{"@id":"https:\/\/avbeautytraining.co.uk\/pt\/produto\/classic-eyelashes-course\/#primaryimage"},"thumbnailUrl":"https:\/\/avbeautytraining.co.uk\/wp-content\/uploads\/2024\/08\/14-1.png","datePublished":"2022-07-08T15:55:39+00:00","dateModified":"2024-08-02T13:06:00+00:00","description":"Classic Eyelashes Course in Lower Stondon","breadcrumb":{"@id":"https:\/\/avbeautytraining.co.uk\/pt\/produto\/classic-eyelashes-course\/#breadcrumb"},"inLanguage":"pt-BR","potentialAction":[{"@type":"ReadAction","target":["https:\/\/avbeautytraining.co.uk\/pt\/produto\/classic-eyelashes-course\/"]}]},{"@type":"ImageObject","inLanguage":"pt-BR","@id":"https:\/\/avbeautytraining.co.uk\/pt\/produto\/classic-eyelashes-course\/#primaryimage","url":"https:\/\/avbeautytraining.co.uk\/wp-content\/uploads\/2024\/08\/14-1.png","contentUrl":"https:\/\/avbeautytraining.co.uk\/wp-content\/uploads\/2024\/08\/14-1.png","width":1080,"height":1920},{"@type":"BreadcrumbList","@id":"https:\/\/avbeautytraining.co.uk\/pt\/produto\/classic-eyelashes-course\/#breadcrumb","itemListElement":[{"@type":"ListItem","position":1,"name":"Home","item":"https:\/\/avbeautytraining.co.uk\/"},{"@type":"ListItem","position":2,"name":"Courses Shop","item":"https:\/\/avbeautytraining.co.uk\/courses-shop\/"},{"@type":"ListItem","position":3,"name":"Classic Eyelashes Course"}]},{"@type":"WebSite","@id":"https:\/\/avbeautytraining.co.uk\/#website","url":"https:\/\/avbeautytraining.co.uk\/","name":"AV Beauty Training","description":"Training &amp; Beauty in Lower Stondon","publisher":{"@id":"https:\/\/avbeautytraining.co.uk\/#organization"},"potentialAction":[{"@type":"SearchAction","target":{"@type":"EntryPoint","urlTemplate":"https:\/\/avbeautytraining.co.uk\/?s={search_term_string}"},"query-input":{"@type":"PropertyValueSpecification","valueRequired":true,"valueName":"search_term_string"}}],"inLanguage":"pt-BR"},{"@type":"Organization","@id":"https:\/\/avbeautytraining.co.uk\/#organization","name":"AV Beauty Training","url":"https:\/\/avbeautytraining.co.uk\/","logo":{"@type":"ImageObject","inLanguage":"pt-BR","@id":"https:\/\/avbeautytraining.co.uk\/#\/schema\/logo\/image\/","url":"https:\/\/avbeautytraining.co.uk\/wp-content\/uploads\/2020\/06\/AV-Beauty-Training-Logo-new-colour.png","contentUrl":"https:\/\/avbeautytraining.co.uk\/wp-content\/uploads\/2020\/06\/AV-Beauty-Training-Logo-new-colour.png","width":833,"height":1219,"caption":"AV Beauty Training"},"image":{"@id":"https:\/\/avbeautytraining.co.uk\/#\/schema\/logo\/image\/"},"sameAs":["https:\/\/www.facebook.com\/","https:\/\/www.instagram.com\/arianevalotto_beautycourses\/"]}]}},"_links":{"self":[{"href":"https:\/\/avbeautytraining.co.uk\/pt\/wp-json\/wp\/v2\/product\/1299","targetHints":{"allow":["GET"]}}],"collection":[{"href":"https:\/\/avbeautytraining.co.uk\/pt\/wp-json\/wp\/v2\/product"}],"about":[{"href":"https:\/\/avbeautytraining.co.uk\/pt\/wp-json\/wp\/v2\/types\/product"}],"replies":[{"embeddable":true,"href":"https:\/\/avbeautytraining.co.uk\/pt\/wp-json\/wp\/v2\/comments?post=1299"}],"version-history":[{"count":5,"href":"https:\/\/avbeautytraining.co.uk\/pt\/wp-json\/wp\/v2\/product\/1299\/revisions"}],"predecessor-version":[{"id":1950,"href":"https:\/\/avbeautytraining.co.uk\/pt\/wp-json\/wp\/v2\/product\/1299\/revisions\/1950"}],"wp:featuredmedia":[{"embeddable":true,"href":"https:\/\/avbeautytraining.co.uk\/pt\/wp-json\/wp\/v2\/media\/1762"}],"wp:attachment":[{"href":"https:\/\/avbeautytraining.co.uk\/pt\/wp-json\/wp\/v2\/media?parent=1299"}],"wp:term":[{"taxonomy":"product_brand","embeddable":true,"href":"https:\/\/avbeautytraining.co.uk\/pt\/wp-json\/wp\/v2\/product_brand?post=1299"},{"taxonomy":"product_cat","embeddable":true,"href":"https:\/\/avbeautytraining.co.uk\/pt\/wp-json\/wp\/v2\/product_cat?post=1299"},{"taxonomy":"product_tag","embeddable":true,"href":"https:\/\/avbeautytraining.co.uk\/pt\/wp-json\/wp\/v2\/product_tag?post=1299"}],"curies":[{"name":"wp","href":"https:\/\/api.w.org\/{rel}","templated":true}]}}