{"id":1212,"date":"2022-07-08T11:45:33","date_gmt":"2022-07-08T11:45:33","guid":{"rendered":"https:\/\/avbeautytraining.co.uk\/?post_type=product&#038;p=1212"},"modified":"2024-08-02T13:09:51","modified_gmt":"2024-08-02T13:09:51","slug":"anti-wrinkle-foundation-course","status":"publish","type":"product","link":"https:\/\/avbeautytraining.co.uk\/pt\/produto\/anti-wrinkle-foundation-course\/","title":{"rendered":"Curso de Base para tratamento anti-rugas"},"content":{"rendered":"<p>Neste curso, voc\u00ea aprender\u00e1 a anatomia e fisiologia da face, mas tamb\u00e9m a anatomia muscular e a vasculariza\u00e7\u00e3o da face.<\/p>\n<p>O curso \u00e9 dividido em duas partes; A teoria e a pr\u00e1tica. Durante a parte pr\u00e1tica, o aluno poder\u00e1 cobrir tr\u00eas \u00e1reas do rosto com as t\u00e9cnicas de inje\u00e7\u00e3o.<\/p>\n<p>Ap\u00f3s a conclus\u00e3o do curso, o aluno ter\u00e1 o conhecimento necess\u00e1rio e ser\u00e1 competente na aplica\u00e7\u00e3o da Toxina Botul\u00ednica em um paciente.<\/p>\n<p><strong>The course is split into two parts<\/strong>; The\u00a0 Online theory and the practical in class.<\/p>\n<div>\n<div><\/div>\n<div>\n<ul>\n<li>Courses are for medics and non-medics with level 3 or 4 in Beauty Therapy, Spmu, or microblading for more than 6 months. If you do not hold an NVQ level but work with any other treatment that involves needles please be in touch.<\/li>\n<li>If you want to start in the Injectable field we offer the pathway course<\/li>\n<\/ul>\n<\/div>\n<\/div>\n<ul>\n<li>Os cursos s\u00e3o para m\u00e9dicos e n\u00e3o m\u00e9dicos com cursos de n\u00edvel 3 ou 4 em terapia de beleza.<\/li>\n<\/ul>\n<div><\/div>\n<div>\n<p><strong>Duration &amp; Times:\u00a0<\/strong><\/p>\n<p>Dura\u00e7\u00e3o: 2 dias<\/p>\n<p>Time: 10am \u2013 3pm<\/p>\n<p>&nbsp;<\/p>\n<\/div>\n<div>\n<p><strong>Course Certification:<\/strong><\/p>\n<p>This course is CPD accredited 12 points.<\/p>\n<div><\/div>\n<div><strong>Prices &amp; Payments:<\/strong><\/div>\n<div>\n<p>Price for this course : \u00a31200.<\/p>\n<\/div>\n<div><\/div>\n<div class=\"\"><strong><span class=\"\">IMPORTANT\u00a0 INFORMATION:\u00a0<\/span><\/strong><\/div>\n<div class=\"\"><span class=\"\">If you are not a nurse prescriber, you will need to work with a prescribing partner to work with toxin botulinum, the treatments are only available by prescription.\u00a0<\/span><\/div>\n<\/div>","protected":false},"excerpt":{"rendered":"<p>Neste curso, voc\u00ea aprender\u00e1 a anatomia e fisiologia da face, mas tamb\u00e9m a anatomia muscular e a vasculariza\u00e7\u00e3o da face.<\/p>\n<p>O curso \u00e9 dividido em duas partes; A teoria e a pr\u00e1tica. Durante a parte pr\u00e1tica, o aluno poder\u00e1 cobrir tr\u00eas \u00e1reas do rosto com as t\u00e9cnicas de inje\u00e7\u00e3o.<\/p>\n<p>Ap\u00f3s a conclus\u00e3o do curso, o aluno ter\u00e1 o conhecimento necess\u00e1rio e ser\u00e1 competente na aplica\u00e7\u00e3o da Toxina Botul\u00ednica em um paciente.<\/p>\n<p><strong>The course is split into two parts<\/strong>; The\u00a0 Online theory and the practical in class.<\/p>","protected":false},"featured_media":1491,"comment_status":"open","ping_status":"closed","template":"","meta":[],"product_brand":[],"product_cat":[30],"product_tag":[],"class_list":{"0":"post-1212","1":"product","2":"type-product","3":"status-publish","4":"has-post-thumbnail","6":"product_cat-courses","8":"first","9":"instock","10":"featured","11":"virtual","12":"purchasable","13":"product-type-simple"},"yoast_head":"<!-- This site is optimized with the Yoast SEO plugin v27.4 - https:\/\/yoast.com\/product\/yoast-seo-wordpress\/ -->\n<title>Anti-wrinkle Foundation Course - AV Beauty Training<\/title>\n<meta name=\"description\" content=\"Anti-wrinkle Foundation Course in Lower Stondon\" \/>\n<meta name=\"robots\" content=\"index, follow, max-snippet:-1, max-image-preview:large, max-video-preview:-1\" \/>\n<link rel=\"canonical\" href=\"https:\/\/avbeautytraining.co.uk\/pt\/produto\/anti-wrinkle-foundation-course\/\" \/>\n<meta property=\"og:locale\" content=\"pt_BR\" \/>\n<meta property=\"og:type\" content=\"article\" \/>\n<meta property=\"og:title\" content=\"Anti-wrinkle Foundation Course - Botulinum Toxin\" \/>\n<meta property=\"og:description\" content=\"The anti wrinkle Injection foundation course is a course that you could start your career with Injectable treatments ( Botulinum Toxin)On this course you will learn the face anatomy and physiology but also the muscle anatomy and vascularity of the face.\" \/>\n<meta property=\"og:url\" content=\"https:\/\/avbeautytraining.co.uk\/pt\/produto\/anti-wrinkle-foundation-course\/\" \/>\n<meta property=\"og:site_name\" content=\"AV Beauty Training\" \/>\n<meta property=\"article:publisher\" content=\"https:\/\/www.facebook.com\/\" \/>\n<meta property=\"article:modified_time\" content=\"2024-08-02T13:09:51+00:00\" \/>\n<meta property=\"og:image\" content=\"https:\/\/avbeautytraining.co.uk\/wp-content\/uploads\/2022\/05\/12-1.jpg\" \/>\n\t<meta property=\"og:image:width\" content=\"1080\" \/>\n\t<meta property=\"og:image:height\" content=\"1080\" \/>\n\t<meta property=\"og:image:type\" content=\"image\/jpeg\" \/>\n<meta name=\"twitter:card\" content=\"summary_large_image\" \/>\n<meta name=\"twitter:label1\" content=\"Est. tempo de leitura\" \/>\n\t<meta name=\"twitter:data1\" content=\"2 minutos\" \/>\n<script type=\"application\/ld+json\" class=\"yoast-schema-graph\">{\"@context\":\"https:\\\/\\\/schema.org\",\"@graph\":[{\"@type\":\"WebPage\",\"@id\":\"https:\\\/\\\/avbeautytraining.co.uk\\\/pt\\\/produto\\\/anti-wrinkle-foundation-course\\\/\",\"url\":\"https:\\\/\\\/avbeautytraining.co.uk\\\/pt\\\/produto\\\/anti-wrinkle-foundation-course\\\/\",\"name\":\"Anti-wrinkle Foundation Course - AV Beauty Training\",\"isPartOf\":{\"@id\":\"https:\\\/\\\/avbeautytraining.co.uk\\\/#website\"},\"primaryImageOfPage\":{\"@id\":\"https:\\\/\\\/avbeautytraining.co.uk\\\/pt\\\/produto\\\/anti-wrinkle-foundation-course\\\/#primaryimage\"},\"image\":{\"@id\":\"https:\\\/\\\/avbeautytraining.co.uk\\\/pt\\\/produto\\\/anti-wrinkle-foundation-course\\\/#primaryimage\"},\"thumbnailUrl\":\"https:\\\/\\\/avbeautytraining.co.uk\\\/wp-content\\\/uploads\\\/2024\\\/06\\\/1.jpg\",\"datePublished\":\"2022-07-08T11:45:33+00:00\",\"dateModified\":\"2024-08-02T13:09:51+00:00\",\"description\":\"Anti-wrinkle Foundation Course in Lower Stondon\",\"breadcrumb\":{\"@id\":\"https:\\\/\\\/avbeautytraining.co.uk\\\/pt\\\/produto\\\/anti-wrinkle-foundation-course\\\/#breadcrumb\"},\"inLanguage\":\"pt-BR\",\"potentialAction\":[{\"@type\":\"ReadAction\",\"target\":[\"https:\\\/\\\/avbeautytraining.co.uk\\\/pt\\\/produto\\\/anti-wrinkle-foundation-course\\\/\"]}]},{\"@type\":\"ImageObject\",\"inLanguage\":\"pt-BR\",\"@id\":\"https:\\\/\\\/avbeautytraining.co.uk\\\/pt\\\/produto\\\/anti-wrinkle-foundation-course\\\/#primaryimage\",\"url\":\"https:\\\/\\\/avbeautytraining.co.uk\\\/wp-content\\\/uploads\\\/2024\\\/06\\\/1.jpg\",\"contentUrl\":\"https:\\\/\\\/avbeautytraining.co.uk\\\/wp-content\\\/uploads\\\/2024\\\/06\\\/1.jpg\",\"width\":1080,\"height\":1920,\"caption\":\"ANTI-WRINKLES-av-beauty-LOWER STONDON\"},{\"@type\":\"BreadcrumbList\",\"@id\":\"https:\\\/\\\/avbeautytraining.co.uk\\\/pt\\\/produto\\\/anti-wrinkle-foundation-course\\\/#breadcrumb\",\"itemListElement\":[{\"@type\":\"ListItem\",\"position\":1,\"name\":\"Home\",\"item\":\"https:\\\/\\\/avbeautytraining.co.uk\\\/\"},{\"@type\":\"ListItem\",\"position\":2,\"name\":\"Courses Shop\",\"item\":\"https:\\\/\\\/avbeautytraining.co.uk\\\/courses-shop\\\/\"},{\"@type\":\"ListItem\",\"position\":3,\"name\":\"Anti-wrinkle Foundation Course\"}]},{\"@type\":\"WebSite\",\"@id\":\"https:\\\/\\\/avbeautytraining.co.uk\\\/#website\",\"url\":\"https:\\\/\\\/avbeautytraining.co.uk\\\/\",\"name\":\"AV Beauty Training\",\"description\":\"Training &amp; Beauty in Lower Stondon\",\"publisher\":{\"@id\":\"https:\\\/\\\/avbeautytraining.co.uk\\\/#organization\"},\"potentialAction\":[{\"@type\":\"SearchAction\",\"target\":{\"@type\":\"EntryPoint\",\"urlTemplate\":\"https:\\\/\\\/avbeautytraining.co.uk\\\/?s={search_term_string}\"},\"query-input\":{\"@type\":\"PropertyValueSpecification\",\"valueRequired\":true,\"valueName\":\"search_term_string\"}}],\"inLanguage\":\"pt-BR\"},{\"@type\":\"Organization\",\"@id\":\"https:\\\/\\\/avbeautytraining.co.uk\\\/#organization\",\"name\":\"AV Beauty Training\",\"url\":\"https:\\\/\\\/avbeautytraining.co.uk\\\/\",\"logo\":{\"@type\":\"ImageObject\",\"inLanguage\":\"pt-BR\",\"@id\":\"https:\\\/\\\/avbeautytraining.co.uk\\\/#\\\/schema\\\/logo\\\/image\\\/\",\"url\":\"https:\\\/\\\/avbeautytraining.co.uk\\\/wp-content\\\/uploads\\\/2020\\\/06\\\/AV-Beauty-Training-Logo-new-colour.png\",\"contentUrl\":\"https:\\\/\\\/avbeautytraining.co.uk\\\/wp-content\\\/uploads\\\/2020\\\/06\\\/AV-Beauty-Training-Logo-new-colour.png\",\"width\":833,\"height\":1219,\"caption\":\"AV Beauty Training\"},\"image\":{\"@id\":\"https:\\\/\\\/avbeautytraining.co.uk\\\/#\\\/schema\\\/logo\\\/image\\\/\"},\"sameAs\":[\"https:\\\/\\\/www.facebook.com\\\/\",\"https:\\\/\\\/www.instagram.com\\\/arianevalotto_beautycourses\\\/\"]}]}<\/script>\n<!-- \/ Yoast SEO plugin. -->","yoast_head_json":{"title":"Anti-wrinkle Foundation Course - AV Beauty Training","description":"Anti-wrinkle Foundation Course in Lower Stondon","robots":{"index":"index","follow":"follow","max-snippet":"max-snippet:-1","max-image-preview":"max-image-preview:large","max-video-preview":"max-video-preview:-1"},"canonical":"https:\/\/avbeautytraining.co.uk\/pt\/produto\/anti-wrinkle-foundation-course\/","og_locale":"pt_BR","og_type":"article","og_title":"Anti-wrinkle Foundation Course - Botulinum Toxin","og_description":"The anti wrinkle Injection foundation course is a course that you could start your career with Injectable treatments ( Botulinum Toxin)On this course you will learn the face anatomy and physiology but also the muscle anatomy and vascularity of the face.","og_url":"https:\/\/avbeautytraining.co.uk\/pt\/produto\/anti-wrinkle-foundation-course\/","og_site_name":"AV Beauty Training","article_publisher":"https:\/\/www.facebook.com\/","article_modified_time":"2024-08-02T13:09:51+00:00","og_image":[{"width":1080,"height":1080,"url":"https:\/\/avbeautytraining.co.uk\/wp-content\/uploads\/2022\/05\/12-1.jpg","type":"image\/jpeg"}],"twitter_card":"summary_large_image","twitter_misc":{"Est. tempo de leitura":"2 minutos"},"schema":{"@context":"https:\/\/schema.org","@graph":[{"@type":"WebPage","@id":"https:\/\/avbeautytraining.co.uk\/pt\/produto\/anti-wrinkle-foundation-course\/","url":"https:\/\/avbeautytraining.co.uk\/pt\/produto\/anti-wrinkle-foundation-course\/","name":"Anti-wrinkle Foundation Course - AV Beauty Training","isPartOf":{"@id":"https:\/\/avbeautytraining.co.uk\/#website"},"primaryImageOfPage":{"@id":"https:\/\/avbeautytraining.co.uk\/pt\/produto\/anti-wrinkle-foundation-course\/#primaryimage"},"image":{"@id":"https:\/\/avbeautytraining.co.uk\/pt\/produto\/anti-wrinkle-foundation-course\/#primaryimage"},"thumbnailUrl":"https:\/\/avbeautytraining.co.uk\/wp-content\/uploads\/2024\/06\/1.jpg","datePublished":"2022-07-08T11:45:33+00:00","dateModified":"2024-08-02T13:09:51+00:00","description":"Anti-wrinkle Foundation Course in Lower Stondon","breadcrumb":{"@id":"https:\/\/avbeautytraining.co.uk\/pt\/produto\/anti-wrinkle-foundation-course\/#breadcrumb"},"inLanguage":"pt-BR","potentialAction":[{"@type":"ReadAction","target":["https:\/\/avbeautytraining.co.uk\/pt\/produto\/anti-wrinkle-foundation-course\/"]}]},{"@type":"ImageObject","inLanguage":"pt-BR","@id":"https:\/\/avbeautytraining.co.uk\/pt\/produto\/anti-wrinkle-foundation-course\/#primaryimage","url":"https:\/\/avbeautytraining.co.uk\/wp-content\/uploads\/2024\/06\/1.jpg","contentUrl":"https:\/\/avbeautytraining.co.uk\/wp-content\/uploads\/2024\/06\/1.jpg","width":1080,"height":1920,"caption":"ANTI-WRINKLES-av-beauty-LOWER STONDON"},{"@type":"BreadcrumbList","@id":"https:\/\/avbeautytraining.co.uk\/pt\/produto\/anti-wrinkle-foundation-course\/#breadcrumb","itemListElement":[{"@type":"ListItem","position":1,"name":"Home","item":"https:\/\/avbeautytraining.co.uk\/"},{"@type":"ListItem","position":2,"name":"Courses Shop","item":"https:\/\/avbeautytraining.co.uk\/courses-shop\/"},{"@type":"ListItem","position":3,"name":"Anti-wrinkle Foundation Course"}]},{"@type":"WebSite","@id":"https:\/\/avbeautytraining.co.uk\/#website","url":"https:\/\/avbeautytraining.co.uk\/","name":"AV Beauty Training","description":"Training &amp; Beauty in Lower Stondon","publisher":{"@id":"https:\/\/avbeautytraining.co.uk\/#organization"},"potentialAction":[{"@type":"SearchAction","target":{"@type":"EntryPoint","urlTemplate":"https:\/\/avbeautytraining.co.uk\/?s={search_term_string}"},"query-input":{"@type":"PropertyValueSpecification","valueRequired":true,"valueName":"search_term_string"}}],"inLanguage":"pt-BR"},{"@type":"Organization","@id":"https:\/\/avbeautytraining.co.uk\/#organization","name":"AV Beauty Training","url":"https:\/\/avbeautytraining.co.uk\/","logo":{"@type":"ImageObject","inLanguage":"pt-BR","@id":"https:\/\/avbeautytraining.co.uk\/#\/schema\/logo\/image\/","url":"https:\/\/avbeautytraining.co.uk\/wp-content\/uploads\/2020\/06\/AV-Beauty-Training-Logo-new-colour.png","contentUrl":"https:\/\/avbeautytraining.co.uk\/wp-content\/uploads\/2020\/06\/AV-Beauty-Training-Logo-new-colour.png","width":833,"height":1219,"caption":"AV Beauty Training"},"image":{"@id":"https:\/\/avbeautytraining.co.uk\/#\/schema\/logo\/image\/"},"sameAs":["https:\/\/www.facebook.com\/","https:\/\/www.instagram.com\/arianevalotto_beautycourses\/"]}]}},"_links":{"self":[{"href":"https:\/\/avbeautytraining.co.uk\/pt\/wp-json\/wp\/v2\/product\/1212","targetHints":{"allow":["GET"]}}],"collection":[{"href":"https:\/\/avbeautytraining.co.uk\/pt\/wp-json\/wp\/v2\/product"}],"about":[{"href":"https:\/\/avbeautytraining.co.uk\/pt\/wp-json\/wp\/v2\/types\/product"}],"replies":[{"embeddable":true,"href":"https:\/\/avbeautytraining.co.uk\/pt\/wp-json\/wp\/v2\/comments?post=1212"}],"version-history":[{"count":6,"href":"https:\/\/avbeautytraining.co.uk\/pt\/wp-json\/wp\/v2\/product\/1212\/revisions"}],"predecessor-version":[{"id":1955,"href":"https:\/\/avbeautytraining.co.uk\/pt\/wp-json\/wp\/v2\/product\/1212\/revisions\/1955"}],"wp:featuredmedia":[{"embeddable":true,"href":"https:\/\/avbeautytraining.co.uk\/pt\/wp-json\/wp\/v2\/media\/1491"}],"wp:attachment":[{"href":"https:\/\/avbeautytraining.co.uk\/pt\/wp-json\/wp\/v2\/media?parent=1212"}],"wp:term":[{"taxonomy":"product_brand","embeddable":true,"href":"https:\/\/avbeautytraining.co.uk\/pt\/wp-json\/wp\/v2\/product_brand?post=1212"},{"taxonomy":"product_cat","embeddable":true,"href":"https:\/\/avbeautytraining.co.uk\/pt\/wp-json\/wp\/v2\/product_cat?post=1212"},{"taxonomy":"product_tag","embeddable":true,"href":"https:\/\/avbeautytraining.co.uk\/pt\/wp-json\/wp\/v2\/product_tag?post=1212"}],"curies":[{"name":"wp","href":"https:\/\/api.w.org\/{rel}","templated":true}]}}