{"id":453,"date":"2021-06-05T14:09:58","date_gmt":"2021-06-05T14:09:58","guid":{"rendered":"http:\/\/avbeautytraining.co.uk\/?page_id=453"},"modified":"2024-08-01T16:35:31","modified_gmt":"2024-08-01T16:35:31","slug":"eyelashes-extension","status":"publish","type":"page","link":"https:\/\/avbeautytraining.co.uk\/pt\/training\/eyelashes-extension\/","title":{"rendered":"Extens\u00e3o de c\u00edlios cl\u00e1ssica"},"content":{"rendered":"<div data-elementor-type=\"wp-page\" data-elementor-id=\"453\" class=\"elementor elementor-453\" data-elementor-post-type=\"page\">\n\t\t\t\t<div class=\"elementor-element elementor-element-75ad647c e-grid e-con-full e-con e-parent\" data-id=\"75ad647c\" data-element_type=\"container\" data-e-type=\"container\" data-settings=\"{&quot;background_background&quot;:&quot;classic&quot;}\">\n\t\t\t\t<\/div>\n\t\t<div class=\"elementor-element elementor-element-674f3ee1 e-con-full e-flex e-con e-parent\" data-id=\"674f3ee1\" data-element_type=\"container\" data-e-type=\"container\" data-settings=\"{&quot;background_background&quot;:&quot;classic&quot;}\">\n\t\t<div class=\"elementor-element elementor-element-32ca0609 e-con-full e-flex e-con e-child\" data-id=\"32ca0609\" data-element_type=\"container\" data-e-type=\"container\">\n\t\t<div class=\"elementor-element elementor-element-4fc16c21 e-con-full e-flex e-con e-child\" data-id=\"4fc16c21\" data-element_type=\"container\" data-e-type=\"container\">\n\t\t\t\t<div class=\"elementor-element elementor-element-7e0829d4 elementor-widget elementor-widget-heading\" data-id=\"7e0829d4\" data-element_type=\"widget\" data-e-type=\"widget\" data-widget_type=\"heading.default\">\n\t\t\t\t<div class=\"elementor-widget-container\">\n\t\t\t\t\t<h2 class=\"elementor-heading-title elementor-size-default\">CLASSIC EYELASHES COURSE<\/h2>\t\t\t\t<\/div>\n\t\t\t\t<\/div>\n\t\t\t\t<div class=\"elementor-element elementor-element-35b328e elementor-widget elementor-widget-heading\" data-id=\"35b328e\" data-element_type=\"widget\" data-e-type=\"widget\" data-widget_type=\"heading.default\">\n\t\t\t\t<div class=\"elementor-widget-container\">\n\t\t\t\t\t<h3 class=\"elementor-heading-title elementor-size-default\">Enhance your beauty career with our Classic Eyelash Extensions Course. \n<br><br>\nABT Accredited Course\n<\/h3>\t\t\t\t<\/div>\n\t\t\t\t<\/div>\n\t\t\t\t<div class=\"elementor-element elementor-element-39fcb8e9 elementor-tablet-align-center elementor-align-center elementor-widget elementor-widget-button\" data-id=\"39fcb8e9\" data-element_type=\"widget\" data-e-type=\"widget\" data-widget_type=\"button.default\">\n\t\t\t\t<div class=\"elementor-widget-container\">\n\t\t\t\t\t\t\t\t\t<div class=\"elementor-button-wrapper\">\n\t\t\t\t\t<a class=\"elementor-button elementor-button-link elementor-size-lg\" href=\"http:\/\/wa.me\/447532770148\" target=\"_blank\">\n\t\t\t\t\t\t<span class=\"elementor-button-content-wrapper\">\n\t\t\t\t\t\t\t\t\t<span class=\"elementor-button-text\">Enroll Now<\/span>\n\t\t\t\t\t<\/span>\n\t\t\t\t\t<\/a>\n\t\t\t\t<\/div>\n\t\t\t\t\t\t\t\t<\/div>\n\t\t\t\t<\/div>\n\t\t\t\t<\/div>\n\t\t\t\t<\/div>\n\t\t\t\t<\/div>\n\t\t<div class=\"elementor-element elementor-element-7c5a7e63 e-con-full e-flex e-con e-parent\" data-id=\"7c5a7e63\" data-element_type=\"container\" data-e-type=\"container\" data-settings=\"{&quot;background_background&quot;:&quot;classic&quot;}\">\n\t\t<div class=\"elementor-element elementor-element-4fcb8eeb e-con-full e-flex e-con e-child\" data-id=\"4fcb8eeb\" data-element_type=\"container\" data-e-type=\"container\">\n\t\t<div class=\"elementor-element elementor-element-6b6525f3 e-con-full e-flex e-con e-child\" data-id=\"6b6525f3\" data-element_type=\"container\" data-e-type=\"container\">\n\t\t\t\t<div class=\"elementor-element elementor-element-65475527 elementor-blockquote--align-center elementor-blockquote--skin-border elementor-widget elementor-widget-blockquote\" data-id=\"65475527\" data-element_type=\"widget\" data-e-type=\"widget\" data-widget_type=\"blockquote.default\">\n\t\t\t\t<div class=\"elementor-widget-container\">\n\t\t\t\t\t\t\t<blockquote class=\"elementor-blockquote\">\n\t\t\t<p class=\"elementor-blockquote__content\">\n\t\t\t\tAbout the course\t\t\t<\/p>\n\t\t\t\t\t<\/blockquote>\n\t\t\t\t\t\t<\/div>\n\t\t\t\t<\/div>\n\t\t\t\t<div class=\"elementor-element elementor-element-692bf6fd elementor-widget elementor-widget-text-editor\" data-id=\"692bf6fd\" data-element_type=\"widget\" data-e-type=\"widget\" data-widget_type=\"text-editor.default\">\n\t\t\t\t<div class=\"elementor-widget-container\">\n\t\t\t\t\t\t\t\t\t<p>Nosso\u00a0<em>Curso de extens\u00e3o de c\u00edlios - Cl\u00e1ssico<\/em>\u00a0foi concebido para lhe ensinar a t\u00e9cnica popular, usada por muitos, para real\u00e7ar os olhos com extens\u00f5es de pestanas de seda ou de vison para dar a apar\u00eancia de pestanas mais longas, espessas e naturais.<\/p><p>\u00a0<\/p><p><strong>Para quem \u00e9 este curso:<\/strong><\/p><ul><li>O curso de c\u00edlios \u00e9 perfeito para iniciantes ou t\u00e9cnicos de c\u00edlios existentes, que desejam receber treinamento completo e qualifica\u00e7\u00f5es de c\u00edlios reconhecidas para levar sua carreira ao pr\u00f3ximo n\u00edvel.<\/li><li>Se voc\u00ea deseja aprender o m\u00e9todo cl\u00e1ssico de extens\u00f5es de c\u00edlios com uma especialista e sua equipe dedicada de t\u00e9cnicos de alta classe, este curso \u00e9 para voc\u00ea!<\/li><li>Ap\u00f3s o curso, voc\u00ea precisar\u00e1 enviar 3 estudos de caso para mostrar que participou do treinamento. Sua certifica\u00e7\u00e3o ser\u00e1 enviada a voc\u00ea assim que voc\u00ea os enviar com sucesso. Seremos solid\u00e1rios, mas tamb\u00e9m pressionaremos voc\u00ea a alcan\u00e7ar \u00f3timos resultados.<\/li><\/ul><p>\u00a0<\/p><p><strong>What the course cover:<\/strong><\/p><ul><li>Sa\u00fade, seguran\u00e7a e higiene<\/li><li>T\u00e9cnicas de consulta<\/li><li>Contra-indica\u00e7\u00f5es<\/li><li>Escolhendo os c\u00edlios corretos para o formato dos olhos do cliente<\/li><li>Aplica\u00e7\u00e3o de c\u00edlios individuais<\/li><li>Procedimento de manuten\u00e7\u00e3o<\/li><li>Processo de remo\u00e7\u00e3o<\/li><li>Conselhos de cuidados posteriores<\/li><\/ul><h4>\u00a0<\/h4><p><strong>Why to do this course:<\/strong><\/p><ul><li><ol><li>A conclus\u00e3o deste curso n\u00e3o apenas garante um certificado, mas tamb\u00e9m uma carreira como especialista em Lash<\/li><li>Depois de concluir o curso, voc\u00ea pode se tornar um membro da Associa\u00e7\u00e3o de Terapeutas de Beleza (ABT), uma qualifica\u00e7\u00e3o altamente conceituada que tamb\u00e9m lhe dar\u00e1 desconto no seguro.<\/li><li>H\u00e1 um m\u00e1ximo de 4 vagas para cada curso para garantir que voc\u00ea receba apoio e aten\u00e7\u00e3o suficientes de seus treinadores.<\/li><li>Voc\u00ea ter\u00e1 10% de desconto no seu Seguro com ABT usando nosso c\u00f3digo. Al\u00e9m disso, s\u00f3 porque voc\u00ea concluiu um curso conosco, voc\u00ea automaticamente ganha desconto em seus pr\u00f3ximos cursos, tornando-se um t\u00e9cnico muito mais completo.<\/li><li>Voc\u00ea receber\u00e1 um kit inicial de c\u00edlios completo com produtos e ferramentas que permitir\u00e3o que voc\u00ea comece sua carreira imediatamente.<\/li><\/ol><p>\u00a0<\/p><\/li><li><p><strong>Modelo ao vivo<\/strong><\/p><p>Voc\u00ea deve trazer seu pr\u00f3prio modelo. Isso \u00e9 muito importante para que voc\u00ea aproveite ao m\u00e1ximo seu treinamento.\u00a0<\/p><p>Se voc\u00ea simplesmente n\u00e3o puder trazer um modelo, informe-nos pelo menos 48 horas antes do curso para que possamos tentar fornecer um para voc\u00ea<\/p><p>\u00a0<\/p><\/li><li><p><strong>Estudos de caso de clientes<\/strong><\/p><p>Voc\u00ea deve concluir tr\u00eas estudos de caso de clientes em at\u00e9 tr\u00eas meses ap\u00f3s o treinamento conosco.<\/p><\/li><\/ul><p>\u00a0<\/p><p><strong>Course certification:<\/strong><\/p><p>Este curso \u00e9 um curso acreditado pela ABT<\/p><p>\u00a0<\/p><p><strong>Price:<\/strong><\/p><p>\u00a3495 kit included<\/p>\t\t\t\t\t\t\t\t<\/div>\n\t\t\t\t<\/div>\n\t\t\t\t<div class=\"elementor-element elementor-element-49014cb0 elementor-align-left elementor-widget elementor-widget-button\" data-id=\"49014cb0\" data-element_type=\"widget\" data-e-type=\"widget\" data-widget_type=\"button.default\">\n\t\t\t\t<div class=\"elementor-widget-container\">\n\t\t\t\t\t\t\t\t\t<div class=\"elementor-button-wrapper\">\n\t\t\t\t\t<a class=\"elementor-button elementor-button-link elementor-size-lg elementor-animation-grow\" href=\"http:\/\/wa.me\/447532770148\" target=\"_blank\">\n\t\t\t\t\t\t<span class=\"elementor-button-content-wrapper\">\n\t\t\t\t\t\t\t\t\t<span class=\"elementor-button-text\">save your space<\/span>\n\t\t\t\t\t<\/span>\n\t\t\t\t\t<\/a>\n\t\t\t\t<\/div>\n\t\t\t\t\t\t\t\t<\/div>\n\t\t\t\t<\/div>\n\t\t\t\t<\/div>\n\t\t<div class=\"elementor-element elementor-element-53eb39df animated-slow e-con-full e-flex elementor-invisible e-con e-child\" data-id=\"53eb39df\" data-element_type=\"container\" data-e-type=\"container\" data-settings=\"{&quot;background_background&quot;:&quot;classic&quot;,&quot;animation&quot;:&quot;fadeInUp&quot;,&quot;animation_delay&quot;:600}\">\n\t\t\t\t<\/div>\n\t\t\t\t<\/div>\n\t\t\t\t<\/div>\n\t\t\t\t<\/div>","protected":false},"excerpt":{"rendered":"<p>CLASSIC EYELASHES COURSE Enhance your beauty career with our Classic Eyelash Extensions Course. ABT Accredited Course Enroll Now About the course Our\u00a0Classic Individual Eyelash Extensions Course\u00a0is designed to teach you the popular technique, used by many, to enhance the eyes with silk or mink lash extensions to give the appearance of longer, thicker, natural lashes. [&hellip;]<\/p>\n","protected":false},"author":6,"featured_media":0,"parent":343,"menu_order":0,"comment_status":"closed","ping_status":"closed","template":"","meta":{"footnotes":""},"class_list":["post-453","page","type-page","status-publish","hentry"],"yoast_head":"<!-- This site is optimized with the Yoast SEO plugin v27.4 - https:\/\/yoast.com\/product\/yoast-seo-wordpress\/ -->\n<title>Classic Eyelashes Extension - AV Beauty Training<\/title>\n<meta name=\"robots\" content=\"index, follow, max-snippet:-1, max-image-preview:large, max-video-preview:-1\" \/>\n<link rel=\"canonical\" href=\"https:\/\/avbeautytraining.co.uk\/pt\/training\/eyelashes-extension\/\" \/>\n<meta property=\"og:locale\" content=\"pt_BR\" \/>\n<meta property=\"og:type\" content=\"article\" \/>\n<meta property=\"og:title\" content=\"Classic Eyelashes Extension - AV Beauty Training\" \/>\n<meta property=\"og:description\" content=\"CLASSIC EYELASHES COURSE Enhance your beauty career with our Classic Eyelash Extensions Course. ABT Accredited Course Enroll Now About the course Our\u00a0Classic Individual Eyelash Extensions Course\u00a0is designed to teach you the popular technique, used by many, to enhance the eyes with silk or mink lash extensions to give the appearance of longer, thicker, natural lashes. [&hellip;]\" \/>\n<meta property=\"og:url\" content=\"https:\/\/avbeautytraining.co.uk\/pt\/training\/eyelashes-extension\/\" \/>\n<meta property=\"og:site_name\" content=\"AV Beauty Training\" \/>\n<meta property=\"article:publisher\" content=\"https:\/\/www.facebook.com\/\" \/>\n<meta property=\"article:modified_time\" content=\"2024-08-01T16:35:31+00:00\" \/>\n<meta name=\"twitter:card\" content=\"summary_large_image\" \/>\n<meta name=\"twitter:label1\" content=\"Est. tempo de leitura\" \/>\n\t<meta name=\"twitter:data1\" content=\"2 minutos\" \/>\n<script type=\"application\/ld+json\" class=\"yoast-schema-graph\">{\"@context\":\"https:\\\/\\\/schema.org\",\"@graph\":[{\"@type\":\"WebPage\",\"@id\":\"https:\\\/\\\/avbeautytraining.co.uk\\\/pt\\\/training\\\/eyelashes-extension\\\/\",\"url\":\"https:\\\/\\\/avbeautytraining.co.uk\\\/pt\\\/training\\\/eyelashes-extension\\\/\",\"name\":\"Classic Eyelashes Extension - AV Beauty Training\",\"isPartOf\":{\"@id\":\"https:\\\/\\\/avbeautytraining.co.uk\\\/#website\"},\"datePublished\":\"2021-06-05T14:09:58+00:00\",\"dateModified\":\"2024-08-01T16:35:31+00:00\",\"breadcrumb\":{\"@id\":\"https:\\\/\\\/avbeautytraining.co.uk\\\/pt\\\/training\\\/eyelashes-extension\\\/#breadcrumb\"},\"inLanguage\":\"pt-BR\",\"potentialAction\":[{\"@type\":\"ReadAction\",\"target\":[\"https:\\\/\\\/avbeautytraining.co.uk\\\/pt\\\/training\\\/eyelashes-extension\\\/\"]}]},{\"@type\":\"BreadcrumbList\",\"@id\":\"https:\\\/\\\/avbeautytraining.co.uk\\\/pt\\\/training\\\/eyelashes-extension\\\/#breadcrumb\",\"itemListElement\":[{\"@type\":\"ListItem\",\"position\":1,\"name\":\"Home\",\"item\":\"https:\\\/\\\/avbeautytraining.co.uk\\\/\"},{\"@type\":\"ListItem\",\"position\":2,\"name\":\"Training\",\"item\":\"https:\\\/\\\/avbeautytraining.co.uk\\\/pt\\\/training\\\/\"},{\"@type\":\"ListItem\",\"position\":3,\"name\":\"Classic Eyelashes Extension\"}]},{\"@type\":\"WebSite\",\"@id\":\"https:\\\/\\\/avbeautytraining.co.uk\\\/#website\",\"url\":\"https:\\\/\\\/avbeautytraining.co.uk\\\/\",\"name\":\"AV Beauty Training\",\"description\":\"Training &amp; Beauty in Lower Stondon\",\"publisher\":{\"@id\":\"https:\\\/\\\/avbeautytraining.co.uk\\\/#organization\"},\"potentialAction\":[{\"@type\":\"SearchAction\",\"target\":{\"@type\":\"EntryPoint\",\"urlTemplate\":\"https:\\\/\\\/avbeautytraining.co.uk\\\/?s={search_term_string}\"},\"query-input\":{\"@type\":\"PropertyValueSpecification\",\"valueRequired\":true,\"valueName\":\"search_term_string\"}}],\"inLanguage\":\"pt-BR\"},{\"@type\":\"Organization\",\"@id\":\"https:\\\/\\\/avbeautytraining.co.uk\\\/#organization\",\"name\":\"AV Beauty Training\",\"url\":\"https:\\\/\\\/avbeautytraining.co.uk\\\/\",\"logo\":{\"@type\":\"ImageObject\",\"inLanguage\":\"pt-BR\",\"@id\":\"https:\\\/\\\/avbeautytraining.co.uk\\\/#\\\/schema\\\/logo\\\/image\\\/\",\"url\":\"https:\\\/\\\/avbeautytraining.co.uk\\\/wp-content\\\/uploads\\\/2020\\\/06\\\/AV-Beauty-Training-Logo-new-colour.png\",\"contentUrl\":\"https:\\\/\\\/avbeautytraining.co.uk\\\/wp-content\\\/uploads\\\/2020\\\/06\\\/AV-Beauty-Training-Logo-new-colour.png\",\"width\":833,\"height\":1219,\"caption\":\"AV Beauty Training\"},\"image\":{\"@id\":\"https:\\\/\\\/avbeautytraining.co.uk\\\/#\\\/schema\\\/logo\\\/image\\\/\"},\"sameAs\":[\"https:\\\/\\\/www.facebook.com\\\/\",\"https:\\\/\\\/www.instagram.com\\\/arianevalotto_beautycourses\\\/\"]}]}<\/script>\n<!-- \/ Yoast SEO plugin. -->","yoast_head_json":{"title":"Classic Eyelashes Extension - AV Beauty Training","robots":{"index":"index","follow":"follow","max-snippet":"max-snippet:-1","max-image-preview":"max-image-preview:large","max-video-preview":"max-video-preview:-1"},"canonical":"https:\/\/avbeautytraining.co.uk\/pt\/training\/eyelashes-extension\/","og_locale":"pt_BR","og_type":"article","og_title":"Classic Eyelashes Extension - AV Beauty Training","og_description":"CLASSIC EYELASHES COURSE Enhance your beauty career with our Classic Eyelash Extensions Course. ABT Accredited Course Enroll Now About the course Our\u00a0Classic Individual Eyelash Extensions Course\u00a0is designed to teach you the popular technique, used by many, to enhance the eyes with silk or mink lash extensions to give the appearance of longer, thicker, natural lashes. [&hellip;]","og_url":"https:\/\/avbeautytraining.co.uk\/pt\/training\/eyelashes-extension\/","og_site_name":"AV Beauty Training","article_publisher":"https:\/\/www.facebook.com\/","article_modified_time":"2024-08-01T16:35:31+00:00","twitter_card":"summary_large_image","twitter_misc":{"Est. tempo de leitura":"2 minutos"},"schema":{"@context":"https:\/\/schema.org","@graph":[{"@type":"WebPage","@id":"https:\/\/avbeautytraining.co.uk\/pt\/training\/eyelashes-extension\/","url":"https:\/\/avbeautytraining.co.uk\/pt\/training\/eyelashes-extension\/","name":"Classic Eyelashes Extension - AV Beauty Training","isPartOf":{"@id":"https:\/\/avbeautytraining.co.uk\/#website"},"datePublished":"2021-06-05T14:09:58+00:00","dateModified":"2024-08-01T16:35:31+00:00","breadcrumb":{"@id":"https:\/\/avbeautytraining.co.uk\/pt\/training\/eyelashes-extension\/#breadcrumb"},"inLanguage":"pt-BR","potentialAction":[{"@type":"ReadAction","target":["https:\/\/avbeautytraining.co.uk\/pt\/training\/eyelashes-extension\/"]}]},{"@type":"BreadcrumbList","@id":"https:\/\/avbeautytraining.co.uk\/pt\/training\/eyelashes-extension\/#breadcrumb","itemListElement":[{"@type":"ListItem","position":1,"name":"Home","item":"https:\/\/avbeautytraining.co.uk\/"},{"@type":"ListItem","position":2,"name":"Training","item":"https:\/\/avbeautytraining.co.uk\/pt\/training\/"},{"@type":"ListItem","position":3,"name":"Classic Eyelashes Extension"}]},{"@type":"WebSite","@id":"https:\/\/avbeautytraining.co.uk\/#website","url":"https:\/\/avbeautytraining.co.uk\/","name":"AV Beauty Training","description":"Training &amp; Beauty in Lower Stondon","publisher":{"@id":"https:\/\/avbeautytraining.co.uk\/#organization"},"potentialAction":[{"@type":"SearchAction","target":{"@type":"EntryPoint","urlTemplate":"https:\/\/avbeautytraining.co.uk\/?s={search_term_string}"},"query-input":{"@type":"PropertyValueSpecification","valueRequired":true,"valueName":"search_term_string"}}],"inLanguage":"pt-BR"},{"@type":"Organization","@id":"https:\/\/avbeautytraining.co.uk\/#organization","name":"AV Beauty Training","url":"https:\/\/avbeautytraining.co.uk\/","logo":{"@type":"ImageObject","inLanguage":"pt-BR","@id":"https:\/\/avbeautytraining.co.uk\/#\/schema\/logo\/image\/","url":"https:\/\/avbeautytraining.co.uk\/wp-content\/uploads\/2020\/06\/AV-Beauty-Training-Logo-new-colour.png","contentUrl":"https:\/\/avbeautytraining.co.uk\/wp-content\/uploads\/2020\/06\/AV-Beauty-Training-Logo-new-colour.png","width":833,"height":1219,"caption":"AV Beauty Training"},"image":{"@id":"https:\/\/avbeautytraining.co.uk\/#\/schema\/logo\/image\/"},"sameAs":["https:\/\/www.facebook.com\/","https:\/\/www.instagram.com\/arianevalotto_beautycourses\/"]}]}},"_links":{"self":[{"href":"https:\/\/avbeautytraining.co.uk\/pt\/wp-json\/wp\/v2\/pages\/453","targetHints":{"allow":["GET"]}}],"collection":[{"href":"https:\/\/avbeautytraining.co.uk\/pt\/wp-json\/wp\/v2\/pages"}],"about":[{"href":"https:\/\/avbeautytraining.co.uk\/pt\/wp-json\/wp\/v2\/types\/page"}],"author":[{"embeddable":true,"href":"https:\/\/avbeautytraining.co.uk\/pt\/wp-json\/wp\/v2\/users\/6"}],"replies":[{"embeddable":true,"href":"https:\/\/avbeautytraining.co.uk\/pt\/wp-json\/wp\/v2\/comments?post=453"}],"version-history":[{"count":28,"href":"https:\/\/avbeautytraining.co.uk\/pt\/wp-json\/wp\/v2\/pages\/453\/revisions"}],"predecessor-version":[{"id":1765,"href":"https:\/\/avbeautytraining.co.uk\/pt\/wp-json\/wp\/v2\/pages\/453\/revisions\/1765"}],"up":[{"embeddable":true,"href":"https:\/\/avbeautytraining.co.uk\/pt\/wp-json\/wp\/v2\/pages\/343"}],"wp:attachment":[{"href":"https:\/\/avbeautytraining.co.uk\/pt\/wp-json\/wp\/v2\/media?parent=453"}],"curies":[{"name":"wp","href":"https:\/\/api.w.org\/{rel}","templated":true}]}}