{"id":1701,"date":"2024-07-25T14:45:45","date_gmt":"2024-07-25T14:45:45","guid":{"rendered":"https:\/\/avbeautytraining.co.uk\/?page_id=1701"},"modified":"2024-08-01T14:34:50","modified_gmt":"2024-08-01T14:34:50","slug":"anti-wrinkle-foundation-course-lower-stondon","status":"publish","type":"page","link":"https:\/\/avbeautytraining.co.uk\/pt\/training\/anti-wrinkle-foundation-course-lower-stondon\/","title":{"rendered":"Curso de Base para tratamento anti-rugas"},"content":{"rendered":"<div data-elementor-type=\"wp-page\" data-elementor-id=\"1701\" class=\"elementor elementor-1701\" data-elementor-post-type=\"page\">\n\t\t\t\t<div class=\"elementor-element elementor-element-248e2b5a e-grid e-con-full e-con e-parent\" data-id=\"248e2b5a\" data-element_type=\"container\" data-e-type=\"container\" data-settings=\"{&quot;background_background&quot;:&quot;classic&quot;}\">\n\t\t\t\t<\/div>\n\t\t<div class=\"elementor-element elementor-element-3692223b e-con-full e-flex e-con e-parent\" data-id=\"3692223b\" data-element_type=\"container\" data-e-type=\"container\" data-settings=\"{&quot;background_background&quot;:&quot;classic&quot;}\">\n\t\t<div class=\"elementor-element elementor-element-4a4ad7d4 e-con-full e-flex e-con e-child\" data-id=\"4a4ad7d4\" data-element_type=\"container\" data-e-type=\"container\">\n\t\t<div class=\"elementor-element elementor-element-67b7ae16 e-con-full e-flex e-con e-child\" data-id=\"67b7ae16\" data-element_type=\"container\" data-e-type=\"container\">\n\t\t\t\t<div class=\"elementor-element elementor-element-16887cb6 elementor-widget elementor-widget-heading\" data-id=\"16887cb6\" data-element_type=\"widget\" data-e-type=\"widget\" data-widget_type=\"heading.default\">\n\t\t\t\t<div class=\"elementor-widget-container\">\n\t\t\t\t\t<h2 class=\"elementor-heading-title elementor-size-default\">ANTI-WRINKLES FOUNDATION COURSE\nBOTULINUM TOXIN<\/h2>\t\t\t\t<\/div>\n\t\t\t\t<\/div>\n\t\t\t\t<div class=\"elementor-element elementor-element-6624674c elementor-widget elementor-widget-heading\" data-id=\"6624674c\" data-element_type=\"widget\" data-e-type=\"widget\" data-widget_type=\"heading.default\">\n\t\t\t\t<div class=\"elementor-widget-container\">\n\t\t\t\t\t<h3 class=\"elementor-heading-title elementor-size-default\">The anti wrinkles Injection foundation course is a course that you could start your career with Injectable treatments ( Botulinum Toxin)\n<br><br>\nCPD Accredited Course\n<\/h3>\t\t\t\t<\/div>\n\t\t\t\t<\/div>\n\t\t\t\t<div class=\"elementor-element elementor-element-15396e5e elementor-tablet-align-center elementor-align-center elementor-widget elementor-widget-button\" data-id=\"15396e5e\" data-element_type=\"widget\" data-e-type=\"widget\" data-widget_type=\"button.default\">\n\t\t\t\t<div class=\"elementor-widget-container\">\n\t\t\t\t\t\t\t\t\t<div class=\"elementor-button-wrapper\">\n\t\t\t\t\t<a class=\"elementor-button elementor-button-link elementor-size-lg\" href=\"http:\/\/wa.me\/447532770148\" target=\"_blank\">\n\t\t\t\t\t\t<span class=\"elementor-button-content-wrapper\">\n\t\t\t\t\t\t\t\t\t<span class=\"elementor-button-text\">Enroll Now<\/span>\n\t\t\t\t\t<\/span>\n\t\t\t\t\t<\/a>\n\t\t\t\t<\/div>\n\t\t\t\t\t\t\t\t<\/div>\n\t\t\t\t<\/div>\n\t\t\t\t<\/div>\n\t\t\t\t<\/div>\n\t\t\t\t<\/div>\n\t\t<div class=\"elementor-element elementor-element-bfb40f7 e-con-full e-flex e-con e-parent\" data-id=\"bfb40f7\" data-element_type=\"container\" data-e-type=\"container\" data-settings=\"{&quot;background_background&quot;:&quot;classic&quot;}\">\n\t\t<div class=\"elementor-element elementor-element-64eecb10 e-con-full e-flex e-con e-child\" data-id=\"64eecb10\" data-element_type=\"container\" data-e-type=\"container\">\n\t\t<div class=\"elementor-element elementor-element-1cd564d6 e-con-full e-flex e-con e-child\" data-id=\"1cd564d6\" data-element_type=\"container\" data-e-type=\"container\">\n\t\t\t\t<div class=\"elementor-element elementor-element-37f2e3c9 elementor-blockquote--align-center elementor-blockquote--skin-border elementor-widget elementor-widget-blockquote\" data-id=\"37f2e3c9\" data-element_type=\"widget\" data-e-type=\"widget\" data-widget_type=\"blockquote.default\">\n\t\t\t\t<div class=\"elementor-widget-container\">\n\t\t\t\t\t\t\t<blockquote class=\"elementor-blockquote\">\n\t\t\t<p class=\"elementor-blockquote__content\">\n\t\t\t\tAbout the course\t\t\t<\/p>\n\t\t\t\t\t<\/blockquote>\n\t\t\t\t\t\t<\/div>\n\t\t\t\t<\/div>\n\t\t\t\t<div class=\"elementor-element elementor-element-7075fbaa elementor-widget elementor-widget-text-editor\" data-id=\"7075fbaa\" data-element_type=\"widget\" data-e-type=\"widget\" data-widget_type=\"text-editor.default\">\n\t\t\t\t<div class=\"elementor-widget-container\">\n\t\t\t\t\t\t\t\t\t<p>Neste curso, voc\u00ea aprender\u00e1 a anatomia e fisiologia da face, mas tamb\u00e9m a anatomia muscular e a vasculariza\u00e7\u00e3o da face.<\/p>\n<p>O curso \u00e9 dividido em duas partes; A teoria e a pr\u00e1tica. Durante a parte pr\u00e1tica, o aluno poder\u00e1 cobrir tr\u00eas \u00e1reas do rosto com as t\u00e9cnicas de inje\u00e7\u00e3o.<\/p>\n<p>Ap\u00f3s a conclus\u00e3o do curso, o aluno ter\u00e1 o conhecimento necess\u00e1rio e ser\u00e1 competente na aplica\u00e7\u00e3o da Toxina Botul\u00ednica em um paciente.<\/p><p><br><\/p>\n<p><strong>The course is split into two parts<\/strong>; The&nbsp; Online theory and the practical in class.<\/p>\n<div>\n<div>&nbsp;<\/div>\n<div>\n<ul>\n<li>Courses are for medics and non-medics with level 3 or 4 in Beauty Therapy, Spmu, or microblading for more than 6 months. If you do not hold an NVQ level but work with any other treatment that involves needles please be in touch.<\/li>\n<li>If you want to start in the Injectable field we offer the pathway course<\/li>\n<\/ul>\n<\/div>\n<\/div>\n<ul>\n<li>Os cursos s\u00e3o para m\u00e9dicos e n\u00e3o m\u00e9dicos com cursos de n\u00edvel 3 ou 4 em terapia de beleza.<\/li>\n<\/ul>\n<div>&nbsp;<\/div>\n<div>\n<p><strong>Duration &amp; Times:&nbsp;<\/strong><\/p>\n<p>Dura\u00e7\u00e3o: 2 dias&nbsp;<\/p>\n<p>Time: 10am &#8211; 3pm<\/p><p><span style=\"letter-spacing: 0px; text-align: var(--text-align); word-spacing: 0em;\">&nbsp;<\/span><\/p><\/div>\n<div>\n<p><strong>Course Certification:<\/strong><\/p>\n<p>This course is CPD accredited 12 points.<\/p>\n<div>&nbsp;<\/div>\n<div><strong>Prices &amp; Payments:<\/strong><\/div>\n<div>\n<p>Price for this course : \u00a31200.<\/p>\n<\/div>\n<div>&nbsp;<\/div>\n<div class=\"\"><strong><span class=\"\">IMPORTANT&nbsp; INFORMATION:&nbsp;<\/span><\/strong><\/div>\n<div class=\"\"><span class=\"\">If you are not a nurse prescriber, you will need to work with a prescribing partner to work with toxin botulinum, the treatments are only available by prescription.&nbsp;<\/span><\/div>\n<\/div>\n<div>&nbsp;<\/div>\t\t\t\t\t\t\t\t<\/div>\n\t\t\t\t<\/div>\n\t\t\t\t<div class=\"elementor-element elementor-element-31886b40 elementor-align-left elementor-widget elementor-widget-button\" data-id=\"31886b40\" data-element_type=\"widget\" data-e-type=\"widget\" data-widget_type=\"button.default\">\n\t\t\t\t<div class=\"elementor-widget-container\">\n\t\t\t\t\t\t\t\t\t<div class=\"elementor-button-wrapper\">\n\t\t\t\t\t<a class=\"elementor-button elementor-button-link elementor-size-lg elementor-animation-grow\" href=\"http:\/\/wa.me\/447532770148\" target=\"_blank\">\n\t\t\t\t\t\t<span class=\"elementor-button-content-wrapper\">\n\t\t\t\t\t\t\t\t\t<span class=\"elementor-button-text\">save your space<\/span>\n\t\t\t\t\t<\/span>\n\t\t\t\t\t<\/a>\n\t\t\t\t<\/div>\n\t\t\t\t\t\t\t\t<\/div>\n\t\t\t\t<\/div>\n\t\t\t\t<\/div>\n\t\t<div class=\"elementor-element elementor-element-6c6dea1b animated-slow e-con-full e-flex elementor-invisible e-con e-child\" data-id=\"6c6dea1b\" data-element_type=\"container\" data-e-type=\"container\" data-settings=\"{&quot;background_background&quot;:&quot;classic&quot;,&quot;animation&quot;:&quot;fadeInUp&quot;,&quot;animation_delay&quot;:600}\">\n\t\t\t\t<\/div>\n\t\t\t\t<\/div>\n\t\t\t\t<\/div>\n\t\t\t\t<\/div>","protected":false},"excerpt":{"rendered":"<p>ANTI-WRINKLES FOUNDATION COURSE BOTULINUM TOXIN The anti wrinkles Injection foundation course is a course that you could start your career with Injectable treatments ( Botulinum Toxin) CPD Accredited Course Enroll Now About the course On this course you will learn the face anatomy and physiology but also the muscle anatomy and vascularity of the face. [&hellip;]<\/p>\n","protected":false},"author":6,"featured_media":0,"parent":343,"menu_order":0,"comment_status":"closed","ping_status":"closed","template":"","meta":{"footnotes":""},"class_list":["post-1701","page","type-page","status-publish","hentry"],"yoast_head":"<!-- This site is optimized with the Yoast SEO plugin v27.4 - https:\/\/yoast.com\/product\/yoast-seo-wordpress\/ -->\n<title>Anti-wrinkle Foundation Course - AV Beauty Training<\/title>\n<meta name=\"robots\" content=\"index, follow, max-snippet:-1, max-image-preview:large, max-video-preview:-1\" \/>\n<link rel=\"canonical\" href=\"https:\/\/avbeautytraining.co.uk\/pt\/training\/anti-wrinkle-foundation-course-lower-stondon\/\" \/>\n<meta property=\"og:locale\" content=\"pt_BR\" \/>\n<meta property=\"og:type\" content=\"article\" \/>\n<meta property=\"og:title\" content=\"Anti-wrinkle Foundation Course - AV Beauty Training\" \/>\n<meta property=\"og:description\" content=\"ANTI-WRINKLES FOUNDATION COURSE BOTULINUM TOXIN The anti wrinkles Injection foundation course is a course that you could start your career with Injectable treatments ( Botulinum Toxin) CPD Accredited Course Enroll Now About the course On this course you will learn the face anatomy and physiology but also the muscle anatomy and vascularity of the face. [&hellip;]\" \/>\n<meta property=\"og:url\" content=\"https:\/\/avbeautytraining.co.uk\/pt\/training\/anti-wrinkle-foundation-course-lower-stondon\/\" \/>\n<meta property=\"og:site_name\" content=\"AV Beauty Training\" \/>\n<meta property=\"article:publisher\" content=\"https:\/\/www.facebook.com\/\" \/>\n<meta property=\"article:modified_time\" content=\"2024-08-01T14:34:50+00:00\" \/>\n<meta name=\"twitter:card\" content=\"summary_large_image\" \/>\n<meta name=\"twitter:label1\" content=\"Est. tempo de leitura\" \/>\n\t<meta name=\"twitter:data1\" content=\"2 minutos\" \/>\n<script type=\"application\/ld+json\" class=\"yoast-schema-graph\">{\"@context\":\"https:\\\/\\\/schema.org\",\"@graph\":[{\"@type\":\"WebPage\",\"@id\":\"https:\\\/\\\/avbeautytraining.co.uk\\\/pt\\\/training\\\/anti-wrinkle-foundation-course-lower-stondon\\\/\",\"url\":\"https:\\\/\\\/avbeautytraining.co.uk\\\/pt\\\/training\\\/anti-wrinkle-foundation-course-lower-stondon\\\/\",\"name\":\"Anti-wrinkle Foundation Course - AV Beauty Training\",\"isPartOf\":{\"@id\":\"https:\\\/\\\/avbeautytraining.co.uk\\\/#website\"},\"datePublished\":\"2024-07-25T14:45:45+00:00\",\"dateModified\":\"2024-08-01T14:34:50+00:00\",\"breadcrumb\":{\"@id\":\"https:\\\/\\\/avbeautytraining.co.uk\\\/pt\\\/training\\\/anti-wrinkle-foundation-course-lower-stondon\\\/#breadcrumb\"},\"inLanguage\":\"pt-BR\",\"potentialAction\":[{\"@type\":\"ReadAction\",\"target\":[\"https:\\\/\\\/avbeautytraining.co.uk\\\/pt\\\/training\\\/anti-wrinkle-foundation-course-lower-stondon\\\/\"]}]},{\"@type\":\"BreadcrumbList\",\"@id\":\"https:\\\/\\\/avbeautytraining.co.uk\\\/pt\\\/training\\\/anti-wrinkle-foundation-course-lower-stondon\\\/#breadcrumb\",\"itemListElement\":[{\"@type\":\"ListItem\",\"position\":1,\"name\":\"Home\",\"item\":\"https:\\\/\\\/avbeautytraining.co.uk\\\/\"},{\"@type\":\"ListItem\",\"position\":2,\"name\":\"Training\",\"item\":\"https:\\\/\\\/avbeautytraining.co.uk\\\/pt\\\/training\\\/\"},{\"@type\":\"ListItem\",\"position\":3,\"name\":\"Anti-wrinkle Foundation Course\"}]},{\"@type\":\"WebSite\",\"@id\":\"https:\\\/\\\/avbeautytraining.co.uk\\\/#website\",\"url\":\"https:\\\/\\\/avbeautytraining.co.uk\\\/\",\"name\":\"AV Beauty Training\",\"description\":\"Training &amp; Beauty in Lower Stondon\",\"publisher\":{\"@id\":\"https:\\\/\\\/avbeautytraining.co.uk\\\/#organization\"},\"potentialAction\":[{\"@type\":\"SearchAction\",\"target\":{\"@type\":\"EntryPoint\",\"urlTemplate\":\"https:\\\/\\\/avbeautytraining.co.uk\\\/?s={search_term_string}\"},\"query-input\":{\"@type\":\"PropertyValueSpecification\",\"valueRequired\":true,\"valueName\":\"search_term_string\"}}],\"inLanguage\":\"pt-BR\"},{\"@type\":\"Organization\",\"@id\":\"https:\\\/\\\/avbeautytraining.co.uk\\\/#organization\",\"name\":\"AV Beauty Training\",\"url\":\"https:\\\/\\\/avbeautytraining.co.uk\\\/\",\"logo\":{\"@type\":\"ImageObject\",\"inLanguage\":\"pt-BR\",\"@id\":\"https:\\\/\\\/avbeautytraining.co.uk\\\/#\\\/schema\\\/logo\\\/image\\\/\",\"url\":\"https:\\\/\\\/avbeautytraining.co.uk\\\/wp-content\\\/uploads\\\/2020\\\/06\\\/AV-Beauty-Training-Logo-new-colour.png\",\"contentUrl\":\"https:\\\/\\\/avbeautytraining.co.uk\\\/wp-content\\\/uploads\\\/2020\\\/06\\\/AV-Beauty-Training-Logo-new-colour.png\",\"width\":833,\"height\":1219,\"caption\":\"AV Beauty Training\"},\"image\":{\"@id\":\"https:\\\/\\\/avbeautytraining.co.uk\\\/#\\\/schema\\\/logo\\\/image\\\/\"},\"sameAs\":[\"https:\\\/\\\/www.facebook.com\\\/\",\"https:\\\/\\\/www.instagram.com\\\/arianevalotto_beautycourses\\\/\"]}]}<\/script>\n<!-- \/ Yoast SEO plugin. -->","yoast_head_json":{"title":"Anti-wrinkle Foundation Course - AV Beauty Training","robots":{"index":"index","follow":"follow","max-snippet":"max-snippet:-1","max-image-preview":"max-image-preview:large","max-video-preview":"max-video-preview:-1"},"canonical":"https:\/\/avbeautytraining.co.uk\/pt\/training\/anti-wrinkle-foundation-course-lower-stondon\/","og_locale":"pt_BR","og_type":"article","og_title":"Anti-wrinkle Foundation Course - AV Beauty Training","og_description":"ANTI-WRINKLES FOUNDATION COURSE BOTULINUM TOXIN The anti wrinkles Injection foundation course is a course that you could start your career with Injectable treatments ( Botulinum Toxin) CPD Accredited Course Enroll Now About the course On this course you will learn the face anatomy and physiology but also the muscle anatomy and vascularity of the face. [&hellip;]","og_url":"https:\/\/avbeautytraining.co.uk\/pt\/training\/anti-wrinkle-foundation-course-lower-stondon\/","og_site_name":"AV Beauty Training","article_publisher":"https:\/\/www.facebook.com\/","article_modified_time":"2024-08-01T14:34:50+00:00","twitter_card":"summary_large_image","twitter_misc":{"Est. tempo de leitura":"2 minutos"},"schema":{"@context":"https:\/\/schema.org","@graph":[{"@type":"WebPage","@id":"https:\/\/avbeautytraining.co.uk\/pt\/training\/anti-wrinkle-foundation-course-lower-stondon\/","url":"https:\/\/avbeautytraining.co.uk\/pt\/training\/anti-wrinkle-foundation-course-lower-stondon\/","name":"Anti-wrinkle Foundation Course - AV Beauty Training","isPartOf":{"@id":"https:\/\/avbeautytraining.co.uk\/#website"},"datePublished":"2024-07-25T14:45:45+00:00","dateModified":"2024-08-01T14:34:50+00:00","breadcrumb":{"@id":"https:\/\/avbeautytraining.co.uk\/pt\/training\/anti-wrinkle-foundation-course-lower-stondon\/#breadcrumb"},"inLanguage":"pt-BR","potentialAction":[{"@type":"ReadAction","target":["https:\/\/avbeautytraining.co.uk\/pt\/training\/anti-wrinkle-foundation-course-lower-stondon\/"]}]},{"@type":"BreadcrumbList","@id":"https:\/\/avbeautytraining.co.uk\/pt\/training\/anti-wrinkle-foundation-course-lower-stondon\/#breadcrumb","itemListElement":[{"@type":"ListItem","position":1,"name":"Home","item":"https:\/\/avbeautytraining.co.uk\/"},{"@type":"ListItem","position":2,"name":"Training","item":"https:\/\/avbeautytraining.co.uk\/pt\/training\/"},{"@type":"ListItem","position":3,"name":"Anti-wrinkle Foundation Course"}]},{"@type":"WebSite","@id":"https:\/\/avbeautytraining.co.uk\/#website","url":"https:\/\/avbeautytraining.co.uk\/","name":"AV Beauty Training","description":"Training &amp; Beauty in Lower Stondon","publisher":{"@id":"https:\/\/avbeautytraining.co.uk\/#organization"},"potentialAction":[{"@type":"SearchAction","target":{"@type":"EntryPoint","urlTemplate":"https:\/\/avbeautytraining.co.uk\/?s={search_term_string}"},"query-input":{"@type":"PropertyValueSpecification","valueRequired":true,"valueName":"search_term_string"}}],"inLanguage":"pt-BR"},{"@type":"Organization","@id":"https:\/\/avbeautytraining.co.uk\/#organization","name":"AV Beauty Training","url":"https:\/\/avbeautytraining.co.uk\/","logo":{"@type":"ImageObject","inLanguage":"pt-BR","@id":"https:\/\/avbeautytraining.co.uk\/#\/schema\/logo\/image\/","url":"https:\/\/avbeautytraining.co.uk\/wp-content\/uploads\/2020\/06\/AV-Beauty-Training-Logo-new-colour.png","contentUrl":"https:\/\/avbeautytraining.co.uk\/wp-content\/uploads\/2020\/06\/AV-Beauty-Training-Logo-new-colour.png","width":833,"height":1219,"caption":"AV Beauty Training"},"image":{"@id":"https:\/\/avbeautytraining.co.uk\/#\/schema\/logo\/image\/"},"sameAs":["https:\/\/www.facebook.com\/","https:\/\/www.instagram.com\/arianevalotto_beautycourses\/"]}]}},"_links":{"self":[{"href":"https:\/\/avbeautytraining.co.uk\/pt\/wp-json\/wp\/v2\/pages\/1701","targetHints":{"allow":["GET"]}}],"collection":[{"href":"https:\/\/avbeautytraining.co.uk\/pt\/wp-json\/wp\/v2\/pages"}],"about":[{"href":"https:\/\/avbeautytraining.co.uk\/pt\/wp-json\/wp\/v2\/types\/page"}],"author":[{"embeddable":true,"href":"https:\/\/avbeautytraining.co.uk\/pt\/wp-json\/wp\/v2\/users\/6"}],"replies":[{"embeddable":true,"href":"https:\/\/avbeautytraining.co.uk\/pt\/wp-json\/wp\/v2\/comments?post=1701"}],"version-history":[{"count":17,"href":"https:\/\/avbeautytraining.co.uk\/pt\/wp-json\/wp\/v2\/pages\/1701\/revisions"}],"predecessor-version":[{"id":1725,"href":"https:\/\/avbeautytraining.co.uk\/pt\/wp-json\/wp\/v2\/pages\/1701\/revisions\/1725"}],"up":[{"embeddable":true,"href":"https:\/\/avbeautytraining.co.uk\/pt\/wp-json\/wp\/v2\/pages\/343"}],"wp:attachment":[{"href":"https:\/\/avbeautytraining.co.uk\/pt\/wp-json\/wp\/v2\/media?parent=1701"}],"curies":[{"name":"wp","href":"https:\/\/api.w.org\/{rel}","templated":true}]}}